{"id":29721,"date":"2026-01-20T20:18:08","date_gmt":"2026-01-20T20:18:08","guid":{"rendered":"https:\/\/fisicaline.com\/tienda\/?post_type=product&#038;p=29721"},"modified":"2026-03-27T15:09:04","modified_gmt":"2026-03-27T15:09:04","slug":"pack-postural-magma","status":"publish","type":"product","link":"https:\/\/fisicaline.com\/tienda\/productos\/pack-postural-magma\/","title":{"rendered":"Pack Postural Magma"},"content":{"rendered":"","protected":false},"excerpt":{"rendered":"<p><span style=\"color: #008080\"><strong>\u00abActiva tu postura\u00bb.<\/strong><\/span><\/p>\n<p>Con el <strong>Pack Postural Magma, <\/strong>de una<strong> Ortesis \/ Rodillo Lumbar + un Chaleco Postural<\/strong>, logras activar y corregir tu postura para cuidar tu espalda en la oficina, conduciendo el coche, viajando o en tu casa o trabajando. La <strong>Ortesis Lumbar de FISICALINE<\/strong>, est\u00e1 confeccionada en goma espuma maciza y gabardina. Pose\u00e9 propiedades mec\u00e1nicas (copol\u00edmeros) de densidad suficiente, agradable y confortable que permite reducir la perdida de la curvatura lumbar y restablecerla. De esta forma, corrige la postura en la posici\u00f3n de sentado minimizando el impacto sobre la regi\u00f3n lumbar y sus estructuras al permanecer sentado, generando bienestar y previniendo el dolor de espalda.<\/p>\n<p><strong>El Chaleco Postural<\/strong>, confeccionado en neoprene de 4 mil\u00edmetros, costuras reforzadas y ajuste de abrojo regulable, permite sostener los hombros, y una postura neutra en la columna dorsal y la espalda. Ideal para casos de Cifosis dorsal, y posturas de hombros redondeados (antepulsi\u00f3n). Se complementan, aliviando la sobrecarga de la espalda y facilitando el cambio postural necesario para lograr una correcta postura sentado o bien en la posici\u00f3n de pie.<\/p>\n<p><em>F\u00e1ciles de utilizar:<\/em><br \/>\nAseg\u00farese de contactar la parte baja de la espalda con el respaldo, ubique, el dispositivo en la regi\u00f3n lumbar debajo de la ultima costilla o bien donde lo sienta m\u00e1s c\u00f3modo, apoye la parte baja de la espalda en el rodillo y rel\u00e1jese. El chaleco Postural, puede utilizarse solo o ideal combin\u00e1ndolo con el uso del Rodillo Lumbar al estar sentado.<\/p>\n<p>Talles S, M y G. Medidas aproximadas:<\/p>\n<ul>\n<li><span dir=\"auto\" style=\"vertical-align: inherit\"><span dir=\"auto\" style=\"vertical-align: inherit\">Talla S: 30 a 50 Kg<\/span><\/span><\/li>\n<li>Talle M: desde 50 Kg a 80 Kg<\/li>\n<li>Talle G: desde 80 Kg a 100 Kg.<\/li>\n<\/ul>\n","protected":false},"featured_media":29732,"comment_status":"open","ping_status":"closed","template":"","meta":[],"product_brand":[308],"product_cat":[28,81],"product_tag":[406,400,314,405,401,313,301,290,316,409,310,408,289,407,259,404],"class_list":{"0":"post-29721","1":"product","2":"type-product","3":"status-publish","4":"has-post-thumbnail","6":"product_brand-fisicaline","7":"product_cat-linea-ortopedica","8":"product_cat-ortesis-y-rodillos","9":"product_tag-alvio","10":"product_tag-apoyo-lumbar","11":"product_tag-bienestar","12":"product_tag-cifosis-dorsal","13":"product_tag-cintura","14":"product_tag-confort","15":"product_tag-corrector","16":"product_tag-dolor-lumbar","17":"product_tag-hernia-de-disco","18":"product_tag-magma","19":"product_tag-ortesis","20":"product_tag-pack","21":"product_tag-postura","22":"product_tag-postural","23":"product_tag-respaldo","24":"product_tag-soporte-lumbar-rodillo","26":"first","27":"instock","28":"taxable","29":"shipping-taxable","30":"purchasable","31":"product-type-variable"},"aioseo_notices":[],"_links":{"self":[{"href":"https:\/\/fisicaline.com\/tienda\/wp-json\/wp\/v2\/product\/29721","targetHints":{"allow":["GET"]}}],"collection":[{"href":"https:\/\/fisicaline.com\/tienda\/wp-json\/wp\/v2\/product"}],"about":[{"href":"https:\/\/fisicaline.com\/tienda\/wp-json\/wp\/v2\/types\/product"}],"replies":[{"embeddable":true,"href":"https:\/\/fisicaline.com\/tienda\/wp-json\/wp\/v2\/comments?post=29721"}],"version-history":[{"count":8,"href":"https:\/\/fisicaline.com\/tienda\/wp-json\/wp\/v2\/product\/29721\/revisions"}],"predecessor-version":[{"id":30001,"href":"https:\/\/fisicaline.com\/tienda\/wp-json\/wp\/v2\/product\/29721\/revisions\/30001"}],"wp:featuredmedia":[{"embeddable":true,"href":"https:\/\/fisicaline.com\/tienda\/wp-json\/wp\/v2\/media\/29732"}],"wp:attachment":[{"href":"https:\/\/fisicaline.com\/tienda\/wp-json\/wp\/v2\/media?parent=29721"}],"wp:term":[{"taxonomy":"product_brand","embeddable":true,"href":"https:\/\/fisicaline.com\/tienda\/wp-json\/wp\/v2\/product_brand?post=29721"},{"taxonomy":"product_cat","embeddable":true,"href":"https:\/\/fisicaline.com\/tienda\/wp-json\/wp\/v2\/product_cat?post=29721"},{"taxonomy":"product_tag","embeddable":true,"href":"https:\/\/fisicaline.com\/tienda\/wp-json\/wp\/v2\/product_tag?post=29721"}],"curies":[{"name":"wp","href":"https:\/\/api.w.org\/{rel}","templated":true}]}}