{"id":29614,"date":"2025-12-19T12:14:29","date_gmt":"2025-12-19T12:14:29","guid":{"rendered":"https:\/\/fisicaline.com\/tienda\/?post_type=product&#038;p=29614"},"modified":"2026-04-09T19:15:52","modified_gmt":"2026-04-09T19:15:52","slug":"pack-cervical-duplo","status":"publish","type":"product","link":"https:\/\/fisicaline.com\/tienda\/productos\/pack-cervical-duplo\/","title":{"rendered":"Pack Cervical Duplo"},"content":{"rendered":"","protected":false},"excerpt":{"rendered":"<p><strong>\u00abAlivio para los dos\u00bb<br \/>\n<\/strong>El Pack Cervical Duplo, est\u00e1 pensado para compartir, ya sea con tu pareja o con quien m\u00e1s quieras &#8211; Alivio compartido!.<\/p>\n<p>La <strong>ortesis Cervical de FISICALINE<\/strong>, esta confeccionada en goma espuma maciza blanda y cuenta con propiedades mec\u00e1nicas (copol\u00edmeros) unicas de densidad que la hacen confortable, asegurando comodidad y bienestar al cuello al dormir. Est\u00e1 indicada en personas con dolor y rigidez de cuello al despertar, dolor de cuello, adormecimientos y hormigueos en la regi\u00f3ndel hombro o bien irradiado al brazo y la mano. La ortesis cervical FISICALINE permite reducir la rectificaci\u00f3n de la curvatura del cuello (lordosis cervical), restableciendola durante el reposo en cama con almohada, previniendo de esta forma, la rigidez y el dolor de cuello.<\/p>\n<p><strong>F\u00e1cil de utilizar:<\/strong> Aseg\u00farese de contar con una almohada delgada o blanda con una funda. Introduzca el dispositivo a lo largo de la almohada, entre la funda y la almohada, pr\u00f3ximo a uno de sus bordes. Al recostarse, aseg\u00farese que su\/sus hombro\/s descansen sobre el colchon, de modo tal que el extremo de la almohada con la ortesis cervical FISICALINE tome contacto con los mismos. Para m\u00e1s detalles de usos siga las instrucciones del instructivo adjunto.<\/p>\n","protected":false},"featured_media":29625,"comment_status":"open","ping_status":"closed","template":"","meta":[],"product_brand":[308],"product_cat":[28,81],"product_tag":[317,318,311,314,313,315,312,316,310,259,288,309],"class_list":{"0":"post-29614","1":"product","2":"type-product","3":"status-publish","4":"has-post-thumbnail","6":"product_brand-fisicaline","7":"product_cat-linea-ortopedica","8":"product_cat-ortesis-y-rodillos","9":"product_tag-almohada","10":"product_tag-almohadon","11":"product_tag-apoyo-cervical-cuello-dolor-cervical","12":"product_tag-bienestar","13":"product_tag-confort","14":"product_tag-cuello","15":"product_tag-dolor-de-cuello","16":"product_tag-hernia-de-disco","17":"product_tag-ortesis","18":"product_tag-respaldo","19":"product_tag-soporte","20":"product_tag-soporte-cervical-rodillo","22":"first","23":"instock","24":"sale","25":"taxable","26":"shipping-taxable","27":"purchasable","28":"product-type-simple"},"aioseo_notices":[],"_links":{"self":[{"href":"https:\/\/fisicaline.com\/tienda\/wp-json\/wp\/v2\/product\/29614","targetHints":{"allow":["GET"]}}],"collection":[{"href":"https:\/\/fisicaline.com\/tienda\/wp-json\/wp\/v2\/product"}],"about":[{"href":"https:\/\/fisicaline.com\/tienda\/wp-json\/wp\/v2\/types\/product"}],"replies":[{"embeddable":true,"href":"https:\/\/fisicaline.com\/tienda\/wp-json\/wp\/v2\/comments?post=29614"}],"version-history":[{"count":3,"href":"https:\/\/fisicaline.com\/tienda\/wp-json\/wp\/v2\/product\/29614\/revisions"}],"predecessor-version":[{"id":29618,"href":"https:\/\/fisicaline.com\/tienda\/wp-json\/wp\/v2\/product\/29614\/revisions\/29618"}],"wp:featuredmedia":[{"embeddable":true,"href":"https:\/\/fisicaline.com\/tienda\/wp-json\/wp\/v2\/media\/29625"}],"wp:attachment":[{"href":"https:\/\/fisicaline.com\/tienda\/wp-json\/wp\/v2\/media?parent=29614"}],"wp:term":[{"taxonomy":"product_brand","embeddable":true,"href":"https:\/\/fisicaline.com\/tienda\/wp-json\/wp\/v2\/product_brand?post=29614"},{"taxonomy":"product_cat","embeddable":true,"href":"https:\/\/fisicaline.com\/tienda\/wp-json\/wp\/v2\/product_cat?post=29614"},{"taxonomy":"product_tag","embeddable":true,"href":"https:\/\/fisicaline.com\/tienda\/wp-json\/wp\/v2\/product_tag?post=29614"}],"curies":[{"name":"wp","href":"https:\/\/api.w.org\/{rel}","templated":true}]}}