{"id":29012,"date":"2025-04-23T20:47:40","date_gmt":"2025-04-23T20:47:40","guid":{"rendered":"https:\/\/fisicaline.com\/tienda\/?post_type=product&#038;p=29012"},"modified":"2026-01-22T12:47:24","modified_gmt":"2026-01-22T12:47:24","slug":"silla-sanitaria-estandar","status":"publish","type":"product","link":"https:\/\/fisicaline.com\/tienda\/productos\/silla-sanitaria-estandar\/","title":{"rendered":"Silla SANITARIA Est\u00e1ndar"},"content":{"rendered":"","protected":false},"excerpt":{"rendered":"<p>La silla sanitaria es \u00fatil tanto en el propio ba\u00f1o como elevador de inodoro o bien como inodoro portatil en la habitaci\u00f3n. Cuenta con vacin para higiene y limpieza, tapa y apoya brazos con regatones de goma en las patas para evitar deslizamientos. Es regulable en altura de acuerdo a las necesidades de cada persona. <strong>Facil de higienizar y limpiar.<\/strong><\/p>\n","protected":false},"featured_media":29210,"comment_status":"open","ping_status":"closed","template":"","meta":[],"product_brand":[94],"product_cat":[28,79],"product_tag":[254,388,255,387,253,185,258,256,259,257,252],"class_list":{"0":"post-29012","1":"product","2":"type-product","3":"status-publish","4":"has-post-thumbnail","6":"product_brand-dema","7":"product_cat-linea-ortopedica","8":"product_cat-sanitarias-y-bano","9":"product_tag-ancianos","10":"product_tag-apoya-brazos-fijos-tercerat-edad","11":"product_tag-bano","12":"product_tag-economica","13":"product_tag-eleva-inodoro-ortopedico","14":"product_tag-estandar","15":"product_tag-inodoro-ortopedico","16":"product_tag-portatil","17":"product_tag-respaldo","18":"product_tag-silla-bano","19":"product_tag-silla-sanitaria","21":"first","22":"instock","23":"taxable","24":"shipping-taxable","25":"purchasable","26":"product-type-simple"},"aioseo_notices":[],"_links":{"self":[{"href":"https:\/\/fisicaline.com\/tienda\/wp-json\/wp\/v2\/product\/29012","targetHints":{"allow":["GET"]}}],"collection":[{"href":"https:\/\/fisicaline.com\/tienda\/wp-json\/wp\/v2\/product"}],"about":[{"href":"https:\/\/fisicaline.com\/tienda\/wp-json\/wp\/v2\/types\/product"}],"replies":[{"embeddable":true,"href":"https:\/\/fisicaline.com\/tienda\/wp-json\/wp\/v2\/comments?post=29012"}],"version-history":[{"count":1,"href":"https:\/\/fisicaline.com\/tienda\/wp-json\/wp\/v2\/product\/29012\/revisions"}],"predecessor-version":[{"id":29013,"href":"https:\/\/fisicaline.com\/tienda\/wp-json\/wp\/v2\/product\/29012\/revisions\/29013"}],"wp:featuredmedia":[{"embeddable":true,"href":"https:\/\/fisicaline.com\/tienda\/wp-json\/wp\/v2\/media\/29210"}],"wp:attachment":[{"href":"https:\/\/fisicaline.com\/tienda\/wp-json\/wp\/v2\/media?parent=29012"}],"wp:term":[{"taxonomy":"product_brand","embeddable":true,"href":"https:\/\/fisicaline.com\/tienda\/wp-json\/wp\/v2\/product_brand?post=29012"},{"taxonomy":"product_cat","embeddable":true,"href":"https:\/\/fisicaline.com\/tienda\/wp-json\/wp\/v2\/product_cat?post=29012"},{"taxonomy":"product_tag","embeddable":true,"href":"https:\/\/fisicaline.com\/tienda\/wp-json\/wp\/v2\/product_tag?post=29012"}],"curies":[{"name":"wp","href":"https:\/\/api.w.org\/{rel}","templated":true}]}}