{"id":28897,"date":"2025-04-16T21:58:32","date_gmt":"2025-04-16T21:58:32","guid":{"rendered":"https:\/\/fisicaline.com\/tienda\/?post_type=product&#038;p=28897"},"modified":"2026-02-20T13:55:29","modified_gmt":"2026-02-20T13:55:29","slug":"collar-de-filadelfia-traquetomia","status":"publish","type":"product","link":"https:\/\/fisicaline.com\/tienda\/productos\/collar-de-filadelfia-traquetomia\/","title":{"rendered":"Collar de FILADELFIA P\/TRAQUEOSTOMIA"},"content":{"rendered":"","protected":false},"excerpt":{"rendered":"<p>Inmovilizador cervical confeccionado en 2 piezas de plastazote de 13mm de espesor conformando el occipucio y la mand\u00edbula que limitan la flexo-extensi\u00f3n y rotaci\u00f3n del cuello, ajustables entre s\u00ed con cierre de velcro. Tabiques pl\u00e1sticos de refuerzo posterior y anterior con orificio para traqueotom\u00eda.<br \/>\n<strong>TABLA DE TALLES:<\/strong><\/p>\n<ul>\n<li>PEDI\u00c1TRICO: Circunferencia m\u00e1xima 33 CM \/ Altura: 9 CM<\/li>\n<li>CHICO: Circunferencia m\u00e1xima 43 CM \/ Altura: 11 CM<\/li>\n<li>MEDIANO: Circunferencia m\u00e1xima 48 CM \/ Altura: 13 CM<\/li>\n<li>GRANDE: Circunferencia m\u00e1xima 50 CM \/ Altura: 14 CM<\/li>\n<li>EXTRA GRANDE: Circunferencia m\u00e1xima 52 CM \/ Altura: 15 CM<\/li>\n<\/ul>\n","protected":false},"featured_media":28898,"comment_status":"open","ping_status":"closed","template":"","meta":[],"product_brand":[94],"product_cat":[85,28],"product_tag":[363,370,315,327,374,373,371,372],"class_list":{"0":"post-28897","1":"product","2":"type-product","3":"status-publish","4":"has-post-thumbnail","6":"product_brand-dema","7":"product_cat-ortopedia-cuello","8":"product_cat-linea-ortopedica","9":"product_tag-cervical","10":"product_tag-collar-de-filadelfia","11":"product_tag-cuello","12":"product_tag-inmovilizador","13":"product_tag-orificio","14":"product_tag-perforado","15":"product_tag-rigido","16":"product_tag-traqueostomia","18":"first","19":"outofstock","20":"taxable","21":"shipping-taxable","22":"purchasable","23":"product-type-variable"},"aioseo_notices":[],"_links":{"self":[{"href":"https:\/\/fisicaline.com\/tienda\/wp-json\/wp\/v2\/product\/28897","targetHints":{"allow":["GET"]}}],"collection":[{"href":"https:\/\/fisicaline.com\/tienda\/wp-json\/wp\/v2\/product"}],"about":[{"href":"https:\/\/fisicaline.com\/tienda\/wp-json\/wp\/v2\/types\/product"}],"replies":[{"embeddable":true,"href":"https:\/\/fisicaline.com\/tienda\/wp-json\/wp\/v2\/comments?post=28897"}],"version-history":[{"count":1,"href":"https:\/\/fisicaline.com\/tienda\/wp-json\/wp\/v2\/product\/28897\/revisions"}],"predecessor-version":[{"id":28899,"href":"https:\/\/fisicaline.com\/tienda\/wp-json\/wp\/v2\/product\/28897\/revisions\/28899"}],"wp:featuredmedia":[{"embeddable":true,"href":"https:\/\/fisicaline.com\/tienda\/wp-json\/wp\/v2\/media\/28898"}],"wp:attachment":[{"href":"https:\/\/fisicaline.com\/tienda\/wp-json\/wp\/v2\/media?parent=28897"}],"wp:term":[{"taxonomy":"product_brand","embeddable":true,"href":"https:\/\/fisicaline.com\/tienda\/wp-json\/wp\/v2\/product_brand?post=28897"},{"taxonomy":"product_cat","embeddable":true,"href":"https:\/\/fisicaline.com\/tienda\/wp-json\/wp\/v2\/product_cat?post=28897"},{"taxonomy":"product_tag","embeddable":true,"href":"https:\/\/fisicaline.com\/tienda\/wp-json\/wp\/v2\/product_tag?post=28897"}],"curies":[{"name":"wp","href":"https:\/\/api.w.org\/{rel}","templated":true}]}}