{"id":28892,"date":"2025-04-16T21:56:35","date_gmt":"2025-04-16T21:56:35","guid":{"rendered":"https:\/\/fisicaline.com\/tienda\/?post_type=product&#038;p=28892"},"modified":"2026-01-22T12:47:25","modified_gmt":"2026-01-22T12:47:25","slug":"collar-filadelfia","status":"publish","type":"product","link":"https:\/\/fisicaline.com\/tienda\/productos\/collar-filadelfia\/","title":{"rendered":"Collar de FILADELFIA Talles S-M-G"},"content":{"rendered":"","protected":false},"excerpt":{"rendered":"<p>El collar de Filadelfia es un inmovilizador cervical confeccionado en 2 piezas de plastazote de 13mm de espesor conformando el occipital y mand\u00edbula, que limitan la movilidad del cuello, la flexo-extensi\u00f3n y rotaci\u00f3n, ajustables entre si con cierre de velcro. Orificios de ventilaci\u00f3n y tabiques pl\u00e1sticos de refuerzo anterior y posterior.<br \/>\nTalles S, M y G. Circunsferencia aproximada:<\/p>\n<ul>\n<li>Talle S: 43 cm<\/li>\n<li>Talle M: 48 cm<\/li>\n<li>Talle G: 50 cm.<\/li>\n<\/ul>\n","protected":false},"featured_media":28894,"comment_status":"open","ping_status":"closed","template":"","meta":[],"product_brand":[94],"product_cat":[85,28],"product_tag":[363,370,315,327,371],"class_list":{"0":"post-28892","1":"product","2":"type-product","3":"status-publish","4":"has-post-thumbnail","6":"product_brand-dema","7":"product_cat-ortopedia-cuello","8":"product_cat-linea-ortopedica","9":"product_tag-cervical","10":"product_tag-collar-de-filadelfia","11":"product_tag-cuello","12":"product_tag-inmovilizador","13":"product_tag-rigido","15":"first","16":"instock","17":"taxable","18":"shipping-taxable","19":"purchasable","20":"product-type-variable"},"aioseo_notices":[],"_links":{"self":[{"href":"https:\/\/fisicaline.com\/tienda\/wp-json\/wp\/v2\/product\/28892","targetHints":{"allow":["GET"]}}],"collection":[{"href":"https:\/\/fisicaline.com\/tienda\/wp-json\/wp\/v2\/product"}],"about":[{"href":"https:\/\/fisicaline.com\/tienda\/wp-json\/wp\/v2\/types\/product"}],"replies":[{"embeddable":true,"href":"https:\/\/fisicaline.com\/tienda\/wp-json\/wp\/v2\/comments?post=28892"}],"version-history":[{"count":2,"href":"https:\/\/fisicaline.com\/tienda\/wp-json\/wp\/v2\/product\/28892\/revisions"}],"predecessor-version":[{"id":29305,"href":"https:\/\/fisicaline.com\/tienda\/wp-json\/wp\/v2\/product\/28892\/revisions\/29305"}],"wp:featuredmedia":[{"embeddable":true,"href":"https:\/\/fisicaline.com\/tienda\/wp-json\/wp\/v2\/media\/28894"}],"wp:attachment":[{"href":"https:\/\/fisicaline.com\/tienda\/wp-json\/wp\/v2\/media?parent=28892"}],"wp:term":[{"taxonomy":"product_brand","embeddable":true,"href":"https:\/\/fisicaline.com\/tienda\/wp-json\/wp\/v2\/product_brand?post=28892"},{"taxonomy":"product_cat","embeddable":true,"href":"https:\/\/fisicaline.com\/tienda\/wp-json\/wp\/v2\/product_cat?post=28892"},{"taxonomy":"product_tag","embeddable":true,"href":"https:\/\/fisicaline.com\/tienda\/wp-json\/wp\/v2\/product_tag?post=28892"}],"curies":[{"name":"wp","href":"https:\/\/api.w.org\/{rel}","templated":true}]}}