{"id":28881,"date":"2025-04-16T21:52:16","date_gmt":"2025-04-16T21:52:16","guid":{"rendered":"https:\/\/fisicaline.com\/tienda\/?post_type=product&#038;p=28881"},"modified":"2026-01-22T12:47:25","modified_gmt":"2026-01-22T12:47:25","slug":"collar-blando-swanz","status":"publish","type":"product","link":"https:\/\/fisicaline.com\/tienda\/productos\/collar-blando-swanz\/","title":{"rendered":"Collar Blando de SWANZ Talle S-M-G"},"content":{"rendered":"","protected":false},"excerpt":{"rendered":"<p>Confeccionado en espuma de poliuretano con refuerzo interior y recubierto por una doblefunda de algod\u00f3n que lo hace fresco y agradable su utilizaci\u00f3n. Limita y reduce los movimientos involuntarios y bruscos que pueden ocasionar mayor dolor. Indicado para dolor dela regi\u00f3n del cuello severo, mareos. Consulte a su m\u00e9dico o Kinesi\u00f3logo.<br \/>\nCircunferencia de cuello.<\/p>\n<ul>\n<li>Talle S: 40 cm<\/li>\n<li>Talle M: 42 cm<\/li>\n<li>Talle G: 43 cm<\/li>\n<\/ul>\n","protected":false},"featured_media":28886,"comment_status":"closed","ping_status":"closed","template":"","meta":[],"product_brand":[94],"product_cat":[85,28],"product_tag":[365,363,366,362,369,367,368,364],"class_list":{"0":"post-28881","1":"product","2":"type-product","3":"status-publish","4":"has-post-thumbnail","6":"product_brand-dema","7":"product_cat-ortopedia-cuello","8":"product_cat-linea-ortopedica","9":"product_tag-blando","10":"product_tag-cervical","11":"product_tag-cervicalgia","12":"product_tag-collar","13":"product_tag-contractura","14":"product_tag-dolor-cuello","15":"product_tag-inmovilizador-de-cuello","16":"product_tag-swanz","18":"first","19":"instock","20":"taxable","21":"shipping-taxable","22":"purchasable","23":"product-type-variable"},"aioseo_notices":[],"_links":{"self":[{"href":"https:\/\/fisicaline.com\/tienda\/wp-json\/wp\/v2\/product\/28881","targetHints":{"allow":["GET"]}}],"collection":[{"href":"https:\/\/fisicaline.com\/tienda\/wp-json\/wp\/v2\/product"}],"about":[{"href":"https:\/\/fisicaline.com\/tienda\/wp-json\/wp\/v2\/types\/product"}],"replies":[{"embeddable":true,"href":"https:\/\/fisicaline.com\/tienda\/wp-json\/wp\/v2\/comments?post=28881"}],"version-history":[{"count":5,"href":"https:\/\/fisicaline.com\/tienda\/wp-json\/wp\/v2\/product\/28881\/revisions"}],"predecessor-version":[{"id":29304,"href":"https:\/\/fisicaline.com\/tienda\/wp-json\/wp\/v2\/product\/28881\/revisions\/29304"}],"wp:featuredmedia":[{"embeddable":true,"href":"https:\/\/fisicaline.com\/tienda\/wp-json\/wp\/v2\/media\/28886"}],"wp:attachment":[{"href":"https:\/\/fisicaline.com\/tienda\/wp-json\/wp\/v2\/media?parent=28881"}],"wp:term":[{"taxonomy":"product_brand","embeddable":true,"href":"https:\/\/fisicaline.com\/tienda\/wp-json\/wp\/v2\/product_brand?post=28881"},{"taxonomy":"product_cat","embeddable":true,"href":"https:\/\/fisicaline.com\/tienda\/wp-json\/wp\/v2\/product_cat?post=28881"},{"taxonomy":"product_tag","embeddable":true,"href":"https:\/\/fisicaline.com\/tienda\/wp-json\/wp\/v2\/product_tag?post=28881"}],"curies":[{"name":"wp","href":"https:\/\/api.w.org\/{rel}","templated":true}]}}