{"id":28877,"date":"2025-04-16T21:50:35","date_gmt":"2025-04-16T21:50:35","guid":{"rendered":"https:\/\/fisicaline.com\/tienda\/?post_type=product&#038;p=28877"},"modified":"2026-01-22T12:47:25","modified_gmt":"2026-01-22T12:47:25","slug":"inmovilizador-clavicula","status":"publish","type":"product","link":"https:\/\/fisicaline.com\/tienda\/productos\/inmovilizador-clavicula\/","title":{"rendered":"Inmovilizador CLAVICULA en 8 &#8211; Talles 1-4"},"content":{"rendered":"","protected":false},"excerpt":{"rendered":"<p>Soporte e inmovilizador de clav\u00edcula acolchado, confeccionado en material resistente y acolchado regulable con velcro. Mantiene los hobros en retropulsi\u00f3n actuando como corrector postural de la cif\u00f3sis dorsal inmovilizando la clav\u00edcula y cintura escapular.<\/p>\n<p>Talles 1 al 4. Para estimar su talle. Medir la circunsferencia partiendo desde el centro de la espalda a unos 5 cm aprox. Del cuello, pasando por delante de hombro y luego por debajo de la axila volviendo al centro desde donde comenzo.<\/p>\n<ul>\n<li>Talle 1: 34 cm &#8211; 55 cm<\/li>\n<li>Talle 2: 38 cm &#8211; 65 cm<\/li>\n<li>Talle 3: 44 cm &#8211; 75 cm<\/li>\n<li>Talle 4: 48 cm &#8211; 85 cm.<\/li>\n<\/ul>\n","protected":false},"featured_media":28879,"comment_status":"open","ping_status":"closed","template":"","meta":[],"product_brand":[],"product_cat":[84,28],"product_tag":[299,359,360,326,357,358,361,356],"class_list":{"0":"post-28877","1":"product","2":"type-product","3":"status-publish","4":"has-post-thumbnail","6":"product_cat-ortopedia-clavicula","7":"product_cat-linea-ortopedica","8":"product_tag-corrector-postural","9":"product_tag-en-8","10":"product_tag-en-x","11":"product_tag-fractura","12":"product_tag-inmovilizador-clavicula","13":"product_tag-soporte-de-clavicula","14":"product_tag-traumatismo-de-clavicula","15":"product_tag-unico","17":"first","18":"instock","19":"taxable","20":"shipping-taxable","21":"purchasable","22":"product-type-variable"},"aioseo_notices":[],"_links":{"self":[{"href":"https:\/\/fisicaline.com\/tienda\/wp-json\/wp\/v2\/product\/28877","targetHints":{"allow":["GET"]}}],"collection":[{"href":"https:\/\/fisicaline.com\/tienda\/wp-json\/wp\/v2\/product"}],"about":[{"href":"https:\/\/fisicaline.com\/tienda\/wp-json\/wp\/v2\/types\/product"}],"replies":[{"embeddable":true,"href":"https:\/\/fisicaline.com\/tienda\/wp-json\/wp\/v2\/comments?post=28877"}],"version-history":[{"count":3,"href":"https:\/\/fisicaline.com\/tienda\/wp-json\/wp\/v2\/product\/28877\/revisions"}],"predecessor-version":[{"id":28883,"href":"https:\/\/fisicaline.com\/tienda\/wp-json\/wp\/v2\/product\/28877\/revisions\/28883"}],"wp:featuredmedia":[{"embeddable":true,"href":"https:\/\/fisicaline.com\/tienda\/wp-json\/wp\/v2\/media\/28879"}],"wp:attachment":[{"href":"https:\/\/fisicaline.com\/tienda\/wp-json\/wp\/v2\/media?parent=28877"}],"wp:term":[{"taxonomy":"product_brand","embeddable":true,"href":"https:\/\/fisicaline.com\/tienda\/wp-json\/wp\/v2\/product_brand?post=28877"},{"taxonomy":"product_cat","embeddable":true,"href":"https:\/\/fisicaline.com\/tienda\/wp-json\/wp\/v2\/product_cat?post=28877"},{"taxonomy":"product_tag","embeddable":true,"href":"https:\/\/fisicaline.com\/tienda\/wp-json\/wp\/v2\/product_tag?post=28877"}],"curies":[{"name":"wp","href":"https:\/\/api.w.org\/{rel}","templated":true}]}}