{"id":28803,"date":"2025-04-16T21:07:16","date_gmt":"2025-04-16T21:07:16","guid":{"rendered":"https:\/\/fisicaline.com\/tienda\/?post_type=product&#038;p=28803"},"modified":"2026-04-04T13:43:38","modified_gmt":"2026-04-04T13:43:38","slug":"almohadon-poliuretano-anti-escaras","status":"publish","type":"product","link":"https:\/\/fisicaline.com\/tienda\/productos\/almohadon-poliuretano-anti-escaras\/","title":{"rendered":"Almohad\u00f3n Poliuretano Anti-escaras"},"content":{"rendered":"","protected":false},"excerpt":{"rendered":"<p>Almohad\u00f3n de poliuretano, que brinda una mayor comodidad y descompresi\u00f3n de la regi\u00f3n perineal a una persona que debe permanecer sentada por per\u00edodos prolongados de tiempo, o internaci\u00f3n prolongada, previniendo al formaci\u00f3n de \u00falceras y escaras por compresi\u00f3n. Ideal para personas que est\u00e1n en silla de ruedas o con movilidad muy reducida y deben permanecer sentados.<br \/>\nBrinda comodidad y prevenci\u00f3n de lesiones por compresi\u00f3n de la piel y de los capilares . Di\u00e1metro 36 cm aproximadamente, cabe en cualquier asiendo, silla de ruedas o veh\u00edculo.<br \/>\n<strong>No incluye funda.<\/strong><\/p>\n","protected":false},"featured_media":28806,"comment_status":"open","ping_status":"closed","template":"","meta":[],"product_brand":[94],"product_cat":[28,79],"product_tag":[277,270,280,278,281,276,266,274,275,271,272,273,279],"class_list":{"0":"post-28803","1":"product","2":"type-product","3":"status-publish","4":"has-post-thumbnail","6":"product_brand-dema","7":"product_cat-linea-ortopedica","8":"product_cat-sanitarias-y-bano","9":"product_tag-alivo","10":"product_tag-almohadon-anti-escara","11":"product_tag-coxcigodinea","12":"product_tag-descompresion-sentado","13":"product_tag-dolor-coxis","14":"product_tag-dona","15":"product_tag-escara","16":"product_tag-fistula","17":"product_tag-fistulas","18":"product_tag-hemorroides","19":"product_tag-pos-parto","20":"product_tag-posparto","21":"product_tag-ulceras","23":"first","24":"outofstock","25":"taxable","26":"shipping-taxable","27":"purchasable","28":"product-type-simple"},"aioseo_notices":[],"_links":{"self":[{"href":"https:\/\/fisicaline.com\/tienda\/wp-json\/wp\/v2\/product\/28803","targetHints":{"allow":["GET"]}}],"collection":[{"href":"https:\/\/fisicaline.com\/tienda\/wp-json\/wp\/v2\/product"}],"about":[{"href":"https:\/\/fisicaline.com\/tienda\/wp-json\/wp\/v2\/types\/product"}],"replies":[{"embeddable":true,"href":"https:\/\/fisicaline.com\/tienda\/wp-json\/wp\/v2\/comments?post=28803"}],"version-history":[{"count":3,"href":"https:\/\/fisicaline.com\/tienda\/wp-json\/wp\/v2\/product\/28803\/revisions"}],"predecessor-version":[{"id":29171,"href":"https:\/\/fisicaline.com\/tienda\/wp-json\/wp\/v2\/product\/28803\/revisions\/29171"}],"wp:featuredmedia":[{"embeddable":true,"href":"https:\/\/fisicaline.com\/tienda\/wp-json\/wp\/v2\/media\/28806"}],"wp:attachment":[{"href":"https:\/\/fisicaline.com\/tienda\/wp-json\/wp\/v2\/media?parent=28803"}],"wp:term":[{"taxonomy":"product_brand","embeddable":true,"href":"https:\/\/fisicaline.com\/tienda\/wp-json\/wp\/v2\/product_brand?post=28803"},{"taxonomy":"product_cat","embeddable":true,"href":"https:\/\/fisicaline.com\/tienda\/wp-json\/wp\/v2\/product_cat?post=28803"},{"taxonomy":"product_tag","embeddable":true,"href":"https:\/\/fisicaline.com\/tienda\/wp-json\/wp\/v2\/product_tag?post=28803"}],"curies":[{"name":"wp","href":"https:\/\/api.w.org\/{rel}","templated":true}]}}