{"id":28727,"date":"2025-04-14T21:04:21","date_gmt":"2025-04-14T21:04:21","guid":{"rendered":"https:\/\/fisicaline.com\/tienda\/?post_type=product&#038;p=28727"},"modified":"2026-01-22T12:47:28","modified_gmt":"2026-01-22T12:47:28","slug":"tensiometro-aneroide-coronet","status":"publish","type":"product","link":"https:\/\/fisicaline.com\/tienda\/productos\/tensiometro-aneroide-coronet\/","title":{"rendered":"Tensiometro ANEROIDE Coronet"},"content":{"rendered":"","protected":false},"excerpt":{"rendered":"<p>El <strong>Tensiometro Aneroide Coronet<\/strong> con estuche en cuerina, es el aliado perfecto para el cuidado de la salud, primeros auxilios y atenci\u00f3n primaria de la salud entre otros. Con su dise\u00f1o en color negro, este tensi\u00f3metro te brinda precisi\u00f3n y comodidad en cada medici\u00f3n. Incluye accesorios como un robinete con resorte, c\u00e1mara de 2 tubos de l\u00e1tex y una pera de l\u00e1tex, entre otros.<br \/>\nSu brazalete se ajusta a diferentes circunferencias de brazo, garantizando un ajuste perfecto. Listo para usar. No dejes de cuidar tu presi\u00f3n arterial con este excelente producto de la marca Coronet.<\/p>\n","protected":false},"featured_media":28729,"comment_status":"open","ping_status":"closed","template":"","meta":[],"product_brand":[],"product_cat":[90,20],"product_tag":[],"class_list":{"0":"post-28727","1":"product","2":"type-product","3":"status-publish","4":"has-post-thumbnail","6":"product_cat-generales","7":"product_cat-linea-insumos","9":"first","10":"outofstock","11":"taxable","12":"shipping-taxable","13":"purchasable","14":"product-type-simple"},"aioseo_notices":[],"_links":{"self":[{"href":"https:\/\/fisicaline.com\/tienda\/wp-json\/wp\/v2\/product\/28727","targetHints":{"allow":["GET"]}}],"collection":[{"href":"https:\/\/fisicaline.com\/tienda\/wp-json\/wp\/v2\/product"}],"about":[{"href":"https:\/\/fisicaline.com\/tienda\/wp-json\/wp\/v2\/types\/product"}],"replies":[{"embeddable":true,"href":"https:\/\/fisicaline.com\/tienda\/wp-json\/wp\/v2\/comments?post=28727"}],"version-history":[{"count":1,"href":"https:\/\/fisicaline.com\/tienda\/wp-json\/wp\/v2\/product\/28727\/revisions"}],"predecessor-version":[{"id":28730,"href":"https:\/\/fisicaline.com\/tienda\/wp-json\/wp\/v2\/product\/28727\/revisions\/28730"}],"wp:featuredmedia":[{"embeddable":true,"href":"https:\/\/fisicaline.com\/tienda\/wp-json\/wp\/v2\/media\/28729"}],"wp:attachment":[{"href":"https:\/\/fisicaline.com\/tienda\/wp-json\/wp\/v2\/media?parent=28727"}],"wp:term":[{"taxonomy":"product_brand","embeddable":true,"href":"https:\/\/fisicaline.com\/tienda\/wp-json\/wp\/v2\/product_brand?post=28727"},{"taxonomy":"product_cat","embeddable":true,"href":"https:\/\/fisicaline.com\/tienda\/wp-json\/wp\/v2\/product_cat?post=28727"},{"taxonomy":"product_tag","embeddable":true,"href":"https:\/\/fisicaline.com\/tienda\/wp-json\/wp\/v2\/product_tag?post=28727"}],"curies":[{"name":"wp","href":"https:\/\/api.w.org\/{rel}","templated":true}]}}