{"id":28695,"date":"2025-04-14T20:13:28","date_gmt":"2025-04-14T20:13:28","guid":{"rendered":"https:\/\/fisicaline.com\/tienda\/?post_type=product&#038;p=28695"},"modified":"2026-01-22T12:47:29","modified_gmt":"2026-01-22T12:47:29","slug":"sondas-foley-2-v","status":"publish","type":"product","link":"https:\/\/fisicaline.com\/tienda\/productos\/sondas-foley-2-v\/","title":{"rendered":"Sondas Foley 2 V LATEX con BALON | BREMEN (Caja por 10 u.)"},"content":{"rendered":"","protected":false},"excerpt":{"rendered":"<p>Sondas Foley de dos v\u00edas, l\u00e1tex, con bal\u00f3n.<\/p>\n","protected":false},"featured_media":28696,"comment_status":"open","ping_status":"closed","template":"","meta":[],"product_brand":[173],"product_cat":[20,88],"product_tag":[174,176,177,132,133,175,131],"class_list":{"0":"post-28695","1":"product","2":"type-product","3":"status-publish","4":"has-post-thumbnail","6":"product_brand-bremen","7":"product_cat-linea-insumos","8":"product_cat-urologia","9":"product_tag-cateter","10":"product_tag-foley-latex-con-balon-de-2-vias","11":"product_tag-french","12":"product_tag-sonda","13":"product_tag-sondas","14":"product_tag-uretral","15":"product_tag-urologia","17":"first","18":"instock","19":"taxable","20":"shipping-taxable","21":"purchasable","22":"product-type-variable"},"aioseo_notices":[],"_links":{"self":[{"href":"https:\/\/fisicaline.com\/tienda\/wp-json\/wp\/v2\/product\/28695","targetHints":{"allow":["GET"]}}],"collection":[{"href":"https:\/\/fisicaline.com\/tienda\/wp-json\/wp\/v2\/product"}],"about":[{"href":"https:\/\/fisicaline.com\/tienda\/wp-json\/wp\/v2\/types\/product"}],"replies":[{"embeddable":true,"href":"https:\/\/fisicaline.com\/tienda\/wp-json\/wp\/v2\/comments?post=28695"}],"version-history":[{"count":3,"href":"https:\/\/fisicaline.com\/tienda\/wp-json\/wp\/v2\/product\/28695\/revisions"}],"predecessor-version":[{"id":29001,"href":"https:\/\/fisicaline.com\/tienda\/wp-json\/wp\/v2\/product\/28695\/revisions\/29001"}],"wp:featuredmedia":[{"embeddable":true,"href":"https:\/\/fisicaline.com\/tienda\/wp-json\/wp\/v2\/media\/28696"}],"wp:attachment":[{"href":"https:\/\/fisicaline.com\/tienda\/wp-json\/wp\/v2\/media?parent=28695"}],"wp:term":[{"taxonomy":"product_brand","embeddable":true,"href":"https:\/\/fisicaline.com\/tienda\/wp-json\/wp\/v2\/product_brand?post=28695"},{"taxonomy":"product_cat","embeddable":true,"href":"https:\/\/fisicaline.com\/tienda\/wp-json\/wp\/v2\/product_cat?post=28695"},{"taxonomy":"product_tag","embeddable":true,"href":"https:\/\/fisicaline.com\/tienda\/wp-json\/wp\/v2\/product_tag?post=28695"}],"curies":[{"name":"wp","href":"https:\/\/api.w.org\/{rel}","templated":true}]}}