{"id":28540,"date":"2025-04-07T21:57:49","date_gmt":"2025-04-07T21:57:49","guid":{"rendered":"https:\/\/fisicaline.com\/tienda\/?post_type=product&#038;p=28540"},"modified":"2026-02-14T13:36:59","modified_gmt":"2026-02-14T13:36:59","slug":"sonda-foley-3","status":"publish","type":"product","link":"https:\/\/fisicaline.com\/tienda\/productos\/sonda-foley-3\/","title":{"rendered":"Sonda Foley 3 V HEMAT\u00daRICA | RUSCH N\u00b0 22 (Caja x 10 u.)"},"content":{"rendered":"","protected":false},"excerpt":{"rendered":"<p>Sonda Foley de tres v\u00edas Hemat\u00faricas marca RUSCH &#8211; Venta con prescripci\u00f3n m\u00e9dica<br \/>\n<strong>Triple V\u00eda N\u00b0 22<\/strong><\/p>\n","protected":false},"featured_media":28545,"comment_status":"open","ping_status":"closed","template":"","meta":[],"product_brand":[130],"product_cat":[20,88],"product_tag":[136,139,134,138,140,141,135,132,133,137,131],"class_list":{"0":"post-28540","1":"product","2":"type-product","3":"status-publish","4":"has-post-thumbnail","6":"product_brand-rusch","7":"product_cat-linea-insumos","8":"product_cat-urologia","9":"product_tag-3-via","10":"product_tag-cirugia","11":"product_tag-foley","12":"product_tag-hematurica","13":"product_tag-prostata","14":"product_tag-prostatectomia","15":"product_tag-rusch","16":"product_tag-sonda","17":"product_tag-sondas","18":"product_tag-triple","19":"product_tag-urologia","21":"first","22":"instock","23":"taxable","24":"shipping-taxable","25":"purchasable","26":"product-type-simple"},"aioseo_notices":[],"_links":{"self":[{"href":"https:\/\/fisicaline.com\/tienda\/wp-json\/wp\/v2\/product\/28540","targetHints":{"allow":["GET"]}}],"collection":[{"href":"https:\/\/fisicaline.com\/tienda\/wp-json\/wp\/v2\/product"}],"about":[{"href":"https:\/\/fisicaline.com\/tienda\/wp-json\/wp\/v2\/types\/product"}],"replies":[{"embeddable":true,"href":"https:\/\/fisicaline.com\/tienda\/wp-json\/wp\/v2\/comments?post=28540"}],"version-history":[{"count":2,"href":"https:\/\/fisicaline.com\/tienda\/wp-json\/wp\/v2\/product\/28540\/revisions"}],"predecessor-version":[{"id":28644,"href":"https:\/\/fisicaline.com\/tienda\/wp-json\/wp\/v2\/product\/28540\/revisions\/28644"}],"wp:featuredmedia":[{"embeddable":true,"href":"https:\/\/fisicaline.com\/tienda\/wp-json\/wp\/v2\/media\/28545"}],"wp:attachment":[{"href":"https:\/\/fisicaline.com\/tienda\/wp-json\/wp\/v2\/media?parent=28540"}],"wp:term":[{"taxonomy":"product_brand","embeddable":true,"href":"https:\/\/fisicaline.com\/tienda\/wp-json\/wp\/v2\/product_brand?post=28540"},{"taxonomy":"product_cat","embeddable":true,"href":"https:\/\/fisicaline.com\/tienda\/wp-json\/wp\/v2\/product_cat?post=28540"},{"taxonomy":"product_tag","embeddable":true,"href":"https:\/\/fisicaline.com\/tienda\/wp-json\/wp\/v2\/product_tag?post=28540"}],"curies":[{"name":"wp","href":"https:\/\/api.w.org\/{rel}","templated":true}]}}