{"id":232,"date":"2021-08-26T14:39:51","date_gmt":"2021-08-26T14:39:51","guid":{"rendered":"http:\/\/dummy.xtemos.com\/woodmart2\/elementor\/?post_type=product&#038;p=232"},"modified":"2026-02-14T13:38:09","modified_gmt":"2026-02-14T13:38:09","slug":"mini-bozu","status":"publish","type":"product","link":"https:\/\/fisicaline.com\/tienda\/productos\/mini-bozu\/","title":{"rendered":"Mini BOZU 16 Cm"},"content":{"rendered":"","protected":false},"excerpt":{"rendered":"<p>Los <strong>bozu media esfera<\/strong> son elementos ideales para trabajar equilibrio y propiocepci\u00f3n en entrenamiento funcional y rehabilitaci\u00f3n. Favorece la funci\u00f3n neuromuscular, el control del movimiento y la postura.<br \/>\nMuy utilizado para rehabilitaciones. Ideal para utilizarlo en gimnasios, fitness, funcional, entrenamiento y \u00fatil para muchos ejercicios!<\/p>\n","protected":false},"featured_media":28277,"comment_status":"open","ping_status":"closed","template":"","meta":[],"product_brand":[94],"product_cat":[91,20],"product_tag":[96,95,103,99,100,97,102,101,98],"class_list":{"0":"post-232","1":"product","2":"type-product","3":"status-publish","4":"has-post-thumbnail","6":"product_brand-dema","7":"product_cat-entrenamiento-fitness","8":"product_cat-linea-insumos","9":"product_tag-bosu","10":"product_tag-bozu","11":"product_tag-dema","12":"product_tag-inestabilidad","13":"product_tag-kinesiologia","14":"product_tag-mini","15":"product_tag-propiocepcion","16":"product_tag-rehabilitacion","17":"product_tag-tobillo","19":"first","20":"instock","21":"taxable","22":"shipping-taxable","23":"purchasable","24":"product-type-simple"},"aioseo_notices":[],"_links":{"self":[{"href":"https:\/\/fisicaline.com\/tienda\/wp-json\/wp\/v2\/product\/232","targetHints":{"allow":["GET"]}}],"collection":[{"href":"https:\/\/fisicaline.com\/tienda\/wp-json\/wp\/v2\/product"}],"about":[{"href":"https:\/\/fisicaline.com\/tienda\/wp-json\/wp\/v2\/types\/product"}],"replies":[{"embeddable":true,"href":"https:\/\/fisicaline.com\/tienda\/wp-json\/wp\/v2\/comments?post=232"}],"version-history":[{"count":11,"href":"https:\/\/fisicaline.com\/tienda\/wp-json\/wp\/v2\/product\/232\/revisions"}],"predecessor-version":[{"id":29191,"href":"https:\/\/fisicaline.com\/tienda\/wp-json\/wp\/v2\/product\/232\/revisions\/29191"}],"wp:featuredmedia":[{"embeddable":true,"href":"https:\/\/fisicaline.com\/tienda\/wp-json\/wp\/v2\/media\/28277"}],"wp:attachment":[{"href":"https:\/\/fisicaline.com\/tienda\/wp-json\/wp\/v2\/media?parent=232"}],"wp:term":[{"taxonomy":"product_brand","embeddable":true,"href":"https:\/\/fisicaline.com\/tienda\/wp-json\/wp\/v2\/product_brand?post=232"},{"taxonomy":"product_cat","embeddable":true,"href":"https:\/\/fisicaline.com\/tienda\/wp-json\/wp\/v2\/product_cat?post=232"},{"taxonomy":"product_tag","embeddable":true,"href":"https:\/\/fisicaline.com\/tienda\/wp-json\/wp\/v2\/product_tag?post=232"}],"curies":[{"name":"wp","href":"https:\/\/api.w.org\/{rel}","templated":true}]}}